{"id":444,"date":"2021-12-24T00:21:42","date_gmt":"2021-12-24T00:21:42","guid":{"rendered":"https:\/\/www.4dfab.eu\/acceso\/"},"modified":"2022-02-14T19:28:31","modified_gmt":"2022-02-14T19:28:31","slug":"acceso","status":"publish","type":"page","link":"https:\/\/www.4dfab.eu\/es\/acceso\/","title":{"rendered":"Acceso"},"content":{"rendered":"[et_pb_section fb_built=\u00bb1&#8243; _builder_version=\u00bb4.14.4&#8243; _module_preset=\u00bbdefault\u00bb global_colors_info=\u00bb{}\u00bb][et_pb_row _builder_version=\u00bb4.14.4&#8243; _module_preset=\u00bbdefault\u00bb global_colors_info=\u00bb{}\u00bb][et_pb_column type=\u00bb4_4&#8243; _builder_version=\u00bb4.14.4&#8243; _module_preset=\u00bbdefault\u00bb global_colors_info=\u00bb{}\u00bb][et_pb_login title=\u00bblorem ipsum\u00bb _builder_version=\u00bb4.14.4&#8243; _module_preset=\u00bbdefault\u00bb hover_enabled=\u00bb0&#8243; global_colors_info=\u00bb{}\u00bb sticky_enabled=\u00bb0&#8243;]\n<p>Su contenido va aqu\u00ed. Edite o elimine este texto en l\u00ednea o en la configuraci\u00f3n de contenido del m\u00f3dulo. Tambi\u00e9n puede dise\u00f1ar cada aspecto de este contenido en la configuraci\u00f3n de dise\u00f1o del m\u00f3dulo e incluso aplicar CSS personalizado a este texto en la configuraci\u00f3n avanzada del m\u00f3dulo.<\/p>\n<p><a href=\"https:\/\/www.4dfab.eu\/es\/registro-de-estudiantes\/\">Crea una cuenta nueva<\/a><\/p>\n[\/et_pb_login][\/et_pb_column][\/et_pb_row][\/et_pb_section]\n","protected":false},"excerpt":{"rendered":"<p>Su contenido va aqu\u00ed. Edite o elimine este texto en l\u00ednea o en la configuraci\u00f3n de contenido del m\u00f3dulo. Tambi\u00e9n puede dise\u00f1ar cada aspecto de este contenido en la configuraci\u00f3n de dise\u00f1o del m\u00f3dulo e incluso aplicar CSS personalizado a este texto en la configuraci\u00f3n avanzada del m\u00f3dulo. Crea una cuenta nueva<\/p>\n","protected":false},"author":109,"featured_media":0,"parent":0,"menu_order":0,"comment_status":"closed","ping_status":"closed","template":"","meta":{"_et_pb_use_builder":"on","_et_pb_old_content":"","_et_gb_content_width":"","footnotes":""},"class_list":["post-444","page","type-page","status-publish","hentry"],"_links":{"self":[{"href":"https:\/\/www.4dfab.eu\/es\/wp-json\/wp\/v2\/pages\/444","targetHints":{"allow":["GET"]}}],"collection":[{"href":"https:\/\/www.4dfab.eu\/es\/wp-json\/wp\/v2\/pages"}],"about":[{"href":"https:\/\/www.4dfab.eu\/es\/wp-json\/wp\/v2\/types\/page"}],"author":[{"embeddable":true,"href":"https:\/\/www.4dfab.eu\/es\/wp-json\/wp\/v2\/users\/109"}],"replies":[{"embeddable":true,"href":"https:\/\/www.4dfab.eu\/es\/wp-json\/wp\/v2\/comments?post=444"}],"version-history":[{"count":0,"href":"https:\/\/www.4dfab.eu\/es\/wp-json\/wp\/v2\/pages\/444\/revisions"}],"wp:attachment":[{"href":"https:\/\/www.4dfab.eu\/es\/wp-json\/wp\/v2\/media?parent=444"}],"curies":[{"name":"wp","href":"https:\/\/api.w.org\/{rel}","templated":true}]}}