{"id":2306,"date":"2022-10-04T17:52:59","date_gmt":"2022-10-04T17:52:59","guid":{"rendered":"https:\/\/www.4dfab.eu\/curso-personalizado-2\/"},"modified":"2022-10-17T15:58:06","modified_gmt":"2022-10-17T15:58:06","slug":"curso-personalizado-2","status":"publish","type":"page","link":"https:\/\/www.4dfab.eu\/es\/curso-personalizado-2\/","title":{"rendered":"Curso personalizado"},"content":{"rendered":"[et_pb_section fb_built=\u00bb1&#8243; admin_label=\u00bbheader section\u00bb _builder_version=\u00bb4.17.4&#8243; _module_preset=\u00bbdefault\u00bb background_color=\u00bbgcid-992d5757-b839-4de5-8ab7-3f478b0d22a8&#8243; collapsed=\u00bbon\u00bb global_colors_info=\u00bb{%22gcid-992d5757-b839-4de5-8ab7-3f478b0d22a8%22:%91%22background_color%22%93}\u00bb][et_pb_row column_structure=\u00bb2_5,3_5&#8243; _builder_version=\u00bb4.17.4&#8243; _module_preset=\u00bbdefault\u00bb width=\u00bb100%\u00bb custom_padding=\u00bb|3vw||3vw|false|true\u00bb global_colors_info=\u00bb{}\u00bb][et_pb_column type=\u00bb2_5&#8243; _builder_version=\u00bb4.17.4&#8243; _module_preset=\u00bbdefault\u00bb global_colors_info=\u00bb{}\u00bb][et_pb_text _builder_version=\u00bb4.17.4&#8243; _module_preset=\u00bbdefault\u00bb global_colors_info=\u00bb{}\u00bb]\n<p class=\"little_sections t_primary\">tipo de clase<\/p>\n<h1><span style=\"text-decoration: underline;\">Personalizado<br \/>clases<\/span><\/h1>\n[\/et_pb_text][\/et_pb_column][et_pb_column type=\u00bb3_5&#8243; _builder_version=\u00bb4.17.4&#8243; _module_preset=\u00bbdefault\u00bb global_colors_info=\u00bb{}\u00bb][et_pb_text _builder_version=\u00bb4.18.0&#8243; _module_preset=\u00bbdefault\u00bb global_colors_info=\u00bb{}\u00bb]\n<h2>Construya su propio flujo de trabajo. Elija sus m\u00f3dulos, establezca su nivel de experto, programe su agenda e incluso decida d\u00f3nde y c\u00f3mo desea asistir. S\u00f3lo t\u00fa o en grupo&#8230;<\/h2>\n<p class=\"button_arrow_right_w\">Ponerse en contacto<\/p>\n[\/et_pb_text][\/et_pb_column][\/et_pb_row][\/et_pb_section][et_pb_section fb_built=\u00bb1&#8243; admin_label=\u00bbActive courses list\u00bb _builder_version=\u00bb4.18.0&#8243; _module_preset=\u00bbdefault\u00bb custom_margin=\u00bb0px||0px||true|false\u00bb custom_padding=\u00bb0px||0px||true|false\u00bb collapsed=\u00bboff\u00bb global_colors_info=\u00bb{}\u00bb][et_pb_row column_structure=\u00bb1_3,1_3,1_3&#8243; use_custom_gutter=\u00bbon\u00bb gutter_width=\u00bb1&#8243; make_equal=\u00bbon\u00bb _builder_version=\u00bb4.18.0&#8243; _module_preset=\u00bbdefault\u00bb width=\u00bb100%\u00bb custom_padding=\u00bb0px||0px||true|false\u00bb global_colors_info=\u00bb{}\u00bb][et_pb_column type=\u00bb1_3&#8243; _builder_version=\u00bb4.18.0&#8243; _module_preset=\u00bbdefault\u00bb global_colors_info=\u00bb{}\u00bb][et_pb_image src=\u00bbhttps:\/\/www.4dfab.eu\/wp-content\/uploads\/2022\/10\/jud-mackrill-Of_m3hMsoAA-unsplash-7.jpg\u00bb title_text=\u00bbjud-mackrill-Of_m3hMsoAA-unsplash 7&#8243; _builder_version=\u00bb4.18.0&#8243; _module_preset=\u00bbdefault\u00bb global_colors_info=\u00bb{}\u00bb][\/et_pb_image][\/et_pb_column][et_pb_column type=\u00bb1_3&#8243; _builder_version=\u00bb4.18.0&#8243; _module_preset=\u00bbdefault\u00bb global_colors_info=\u00bb{}\u00bb][et_pb_image src=\u00bbhttps:\/\/www.4dfab.eu\/wp-content\/uploads\/2022\/10\/jud-mackrill-Of_m3hMsoAA-unsplash-6.jpg\u00bb title_text=\u00bbjud-mackrill-Of_m3hMsoAA-unsplash 6&#8243; _builder_version=\u00bb4.18.0&#8243; _module_preset=\u00bbdefault\u00bb global_colors_info=\u00bb{}\u00bb][\/et_pb_image][\/et_pb_column][et_pb_column type=\u00bb1_3&#8243; _builder_version=\u00bb4.18.0&#8243; _module_preset=\u00bbdefault\u00bb global_colors_info=\u00bb{}\u00bb][et_pb_image src=\u00bbhttps:\/\/www.4dfab.eu\/wp-content\/uploads\/2022\/10\/jud-mackrill-Of_m3hMsoAA-unsplash-5.jpg\u00bb title_text=\u00bbjud-mackrill-Of_m3hMsoAA-unsplash 5&#8243; _builder_version=\u00bb4.18.0&#8243; _module_preset=\u00bbdefault\u00bb global_colors_info=\u00bb{}\u00bb][\/et_pb_image][\/et_pb_column][\/et_pb_row][\/et_pb_section][et_pb_section fb_built=\u00bb1&#8243; theme_builder_area=\u00bbpost_content\u00bb _builder_version=\u00bb4.18.0&#8243; _module_preset=\u00bbdefault\u00bb][et_pb_row _builder_version=\u00bb4.18.0&#8243; _module_preset=\u00bbdefault\u00bb theme_builder_area=\u00bbpost_content\u00bb column_structure=\u00bb1_4,1_4,1_4,1_4&#8243; width=\u00bb95%\u00bb hover_enabled=\u00bb0&#8243; sticky_enabled=\u00bb0&#8243;][et_pb_column _builder_version=\u00bb4.18.0&#8243; _module_preset=\u00bbdefault\u00bb type=\u00bb1_4&#8243; theme_builder_area=\u00bbpost_content\u00bb][et_pb_text _builder_version=\u00bb4.18.0&#8243; _module_preset=\u00bbdefault\u00bb theme_builder_area=\u00bbpost_content\u00bb hover_enabled=\u00bb0&#8243; sticky_enabled=\u00bb0&#8243;]\n<h2>Principales datos<\/h2>\n[\/et_pb_text][\/et_pb_column][et_pb_column _builder_version=\u00bb4.18.0&#8243; _module_preset=\u00bbdefault\u00bb type=\u00bb1_4&#8243; theme_builder_area=\u00bbpost_content\u00bb][et_pb_divider _builder_version=\u00bb4.18.0&#8243; _module_preset=\u00bbdefault\u00bb theme_builder_area=\u00bbpost_content\u00bb hover_enabled=\u00bb0&#8243; sticky_enabled=\u00bb0&#8243; global_colors_info=\u00bb{%22gcid-a0f858cc-0332-4c31-a34a-e3fc90fbc93b%22:%91%22color%22%93}\u00bb color=\u00bbgcid-a0f858cc-0332-4c31-a34a-e3fc90fbc93b\u00bb custom_margin=\u00bb||0px||false|false\u00bb custom_padding=\u00bb||||false|false\u00bb][\/et_pb_divider][et_pb_text _builder_version=\u00bb4.18.0&#8243; _module_preset=\u00bbdefault\u00bb theme_builder_area=\u00bbpost_content\u00bb text_font=\u00bbInter|700|||||||\u00bb text_font_size=\u00bb27px\u00bb custom_padding=\u00bb||||false|false\u00bb hover_enabled=\u00bb0&#8243; sticky_enabled=\u00bb0&#8243; custom_margin=\u00bb-40px||||false|false\u00bb background_color=\u00bb#FFFFFF\u00bb width=\u00bb25px\u00bb z_index=\u00bb10&#8243;]\n<p>1<\/p>\n[\/et_pb_text][\/et_pb_column][et_pb_column _builder_version=\u00bb4.18.0&#8243; _module_preset=\u00bbdefault\u00bb type=\u00bb1_4&#8243; theme_builder_area=\u00bbpost_content\u00bb][\/et_pb_column][et_pb_column _builder_version=\u00bb4.18.0&#8243; _module_preset=\u00bbdefault\u00bb type=\u00bb1_4&#8243; theme_builder_area=\u00bbpost_content\u00bb][\/et_pb_column][\/et_pb_row][\/et_pb_section][et_pb_section fb_built=\u00bb1&#8243; admin_label=\u00bbCall to action &#8211; customized classes\u00bb _builder_version=\u00bb4.17.4&#8243; _module_preset=\u00bbdefault\u00bb background_color=\u00bbrgba(119,23,21,0.02)\u00bb border_width_top=\u00bb1px\u00bb border_color_top=\u00bbrgba(14,47,49,0.1)\u00bb collapsed=\u00bbon\u00bb global_colors_info=\u00bb{}\u00bb][et_pb_row _builder_version=\u00bb4.16&#8243; _module_preset=\u00bbdefault\u00bb global_colors_info=\u00bb{}\u00bb][et_pb_column type=\u00bb4_4&#8243; _builder_version=\u00bb4.16&#8243; _module_preset=\u00bbdefault\u00bb global_colors_info=\u00bb{}\u00bb][et_pb_text _builder_version=\u00bb4.17.4&#8243; _module_preset=\u00bbdefault\u00bb global_colors_info=\u00bb{}\u00bb]\n<h3 style=\"text-align: center;\">\u00bfBusca algo diferente?<br \/>\nTambi\u00e9n ofrecemos clases online totalmente personalizadas<\/h3>\n<p style=\"text-align: center;\" class=\"button_arrow_right_r\">Leer m\u00e1s<\/p>\n[\/et_pb_text][\/et_pb_column][\/et_pb_row][\/et_pb_section]\n","protected":false},"excerpt":{"rendered":"<p>tipo de clase PersonalizadoclasesConstruya su propio flujo de trabajo. Elija sus m\u00f3dulos, establezca su nivel de experto, programe su agenda e incluso decida d\u00f3nde y c\u00f3mo desea asistir. S\u00f3lo t\u00fa o en grupo&#8230; Ponerse en contactoPrincipales datos1\u00bfBusca algo diferente? Tambi\u00e9n ofrecemos clases online totalmente personalizadas Leer m\u00e1s<\/p>\n","protected":false},"author":109,"featured_media":0,"parent":0,"menu_order":0,"comment_status":"closed","ping_status":"closed","template":"","meta":{"_et_pb_use_builder":"on","_et_pb_old_content":"","_et_gb_content_width":"","footnotes":""},"class_list":["post-2306","page","type-page","status-publish","hentry"],"_links":{"self":[{"href":"https:\/\/www.4dfab.eu\/es\/wp-json\/wp\/v2\/pages\/2306","targetHints":{"allow":["GET"]}}],"collection":[{"href":"https:\/\/www.4dfab.eu\/es\/wp-json\/wp\/v2\/pages"}],"about":[{"href":"https:\/\/www.4dfab.eu\/es\/wp-json\/wp\/v2\/types\/page"}],"author":[{"embeddable":true,"href":"https:\/\/www.4dfab.eu\/es\/wp-json\/wp\/v2\/users\/109"}],"replies":[{"embeddable":true,"href":"https:\/\/www.4dfab.eu\/es\/wp-json\/wp\/v2\/comments?post=2306"}],"version-history":[{"count":0,"href":"https:\/\/www.4dfab.eu\/es\/wp-json\/wp\/v2\/pages\/2306\/revisions"}],"wp:attachment":[{"href":"https:\/\/www.4dfab.eu\/es\/wp-json\/wp\/v2\/media?parent=2306"}],"curies":[{"name":"wp","href":"https:\/\/api.w.org\/{rel}","templated":true}]}}