{"id":650,"date":"2022-03-01T11:01:46","date_gmt":"2022-03-01T11:01:46","guid":{"rendered":"https:\/\/www.4dfab.eu\/kurs-praesentation\/"},"modified":"2022-10-18T21:15:45","modified_gmt":"2022-10-18T21:15:45","slug":"kurs-praesentation","status":"publish","type":"page","link":"https:\/\/www.4dfab.eu\/de\/kurs-praesentation\/","title":{"rendered":"Kurs-Pr\u00e4sentation"},"content":{"rendered":"[et_pb_section fb_built=&#8220;1&#8243; admin_label=&#8220;header section&#8220; _builder_version=&#8220;4.17.4&#8243; _module_preset=&#8220;default&#8220; background_color=&#8220;gcid-992d5757-b839-4de5-8ab7-3f478b0d22a8&#8243; collapsed=&#8220;on&#8220; global_colors_info=&#8220;{%22gcid-992d5757-b839-4de5-8ab7-3f478b0d22a8%22:%91%22background_color%22%93}&#8220;][et_pb_row column_structure=&#8220;1_4,1_2,1_4&#8243; _builder_version=&#8220;4.17.4&#8243; _module_preset=&#8220;default&#8220; width=&#8220;100%&#8220; custom_padding=&#8220;|3vw||3vw|false|true&#8220; global_colors_info=&#8220;{}&#8220;][et_pb_column type=&#8220;1_4&#8243; _builder_version=&#8220;4.17.4&#8243; _module_preset=&#8220;default&#8220; global_colors_info=&#8220;{}&#8220;][et_pb_text _builder_version=&#8220;4.18.0&#8243; _module_preset=&#8220;default&#8220; global_colors_info=&#8220;{}&#8220;]\n<h1><u>Gegenw\u00e4rtige<br \/> Klassen<br \/> <\/u><span style=\"font-size:24px; vertical-align: 17%; text-decoration:underline\">EST.<\/span><u> 2001<\/u><\/h1>\n[\/et_pb_text][\/et_pb_column][et_pb_column type=&#8220;1_2&#8243; _builder_version=&#8220;4.17.4&#8243; _module_preset=&#8220;default&#8220; global_colors_info=&#8220;{}&#8220;][et_pb_text _builder_version=&#8220;4.18.0&#8243; _module_preset=&#8220;default&#8220; global_colors_info=&#8220;{}&#8220;]\n<h2>2 oder 3 Tage gepr\u00fcftes Programm &#8211;<br \/>\nDirekte Unterst\u00fctzung durch den Lehrer, inspirierende Mitsch\u00fcler.<br \/>\nLorem ipsum dolor sit amet, consectetur adipiscing elit, sed do eiusmod tempor incididunt ut labore.<br \/>\nLorem ipsum dolor sit amet.<\/h2>\n<p class=\"button_arrow_right_w\">In Kontakt kommen<\/p>\n[\/et_pb_text][\/et_pb_column][et_pb_column type=&#8220;1_4&#8243; _builder_version=&#8220;4.17.4&#8243; _module_preset=&#8220;default&#8220; global_colors_info=&#8220;{}&#8220;][et_pb_text _builder_version=&#8220;4.18.0&#8243; _module_preset=&#8220;default&#8220; min_height=&#8220;250px&#8220; height=&#8220;250px&#8220; custom_margin=&#8220;-101px||||false|false&#8220; global_colors_info=&#8220;{}&#8220;]\n<div class=\"csRightContent\" style=\"height: 220px;\">\n<div class=\"dateTitle\">neues Datum<\/p>\n<div>\n<div class=\"dateData\">12. &#8211; 18.05.<br \/>\n2022<br \/>\nk\u00f6ln<\/div>\n<\/div>\n[\/et_pb_text][\/et_pb_column][\/et_pb_row][\/et_pb_section][et_pb_section fb_built=&#8220;1&#8243; admin_label=&#8220;Active courses list&#8220; _builder_version=&#8220;4.18.0&#8243; _module_preset=&#8220;default&#8220; custom_margin=&#8220;0px||0px||true|false&#8220; custom_padding=&#8220;0px||0px||true|false&#8220; collapsed=&#8220;off&#8220; global_colors_info=&#8220;{}&#8220;][et_pb_row column_structure=&#8220;1_3,1_3,1_3&#8243; use_custom_gutter=&#8220;on&#8220; gutter_width=&#8220;1&#8243; make_equal=&#8220;on&#8220; _builder_version=&#8220;4.18.0&#8243; _module_preset=&#8220;default&#8220; width=&#8220;100%&#8220; custom_padding=&#8220;0px||0px||true|false&#8220; global_colors_info=&#8220;{}&#8220;][et_pb_column type=&#8220;1_3&#8243; _builder_version=&#8220;4.18.0&#8243; _module_preset=&#8220;default&#8220; global_colors_info=&#8220;{}&#8220;][et_pb_image src=&#8220;https:\/\/www.4dfab.eu\/wp-content\/uploads\/2022\/10\/jud-mackrill-Of_m3hMsoAA-unsplash-7.jpg&#8220; title_text=&#8220;jud-mackrill-Of_m3hMsoAA-unsplash 7&#8243; force_fullwidth=&#8220;on&#8220; _builder_version=&#8220;4.18.0&#8243; _module_preset=&#8220;default&#8220; global_colors_info=&#8220;{}&#8220;][\/et_pb_image][\/et_pb_column][et_pb_column type=&#8220;1_3&#8243; _builder_version=&#8220;4.18.0&#8243; _module_preset=&#8220;default&#8220; global_colors_info=&#8220;{}&#8220;][et_pb_image src=&#8220;https:\/\/www.4dfab.eu\/wp-content\/uploads\/2022\/10\/jud-mackrill-Of_m3hMsoAA-unsplash-6.png&#8220; title_text=&#8220;jud-mackrill-Of_m3hMsoAA-unsplash 6&#8243; force_fullwidth=&#8220;on&#8220; _builder_version=&#8220;4.18.0&#8243; _module_preset=&#8220;default&#8220; global_colors_info=&#8220;{}&#8220;][\/et_pb_image][\/et_pb_column][et_pb_column type=&#8220;1_3&#8243; _builder_version=&#8220;4.18.0&#8243; _module_preset=&#8220;default&#8220; global_colors_info=&#8220;{}&#8220;][et_pb_image src=&#8220;https:\/\/www.4dfab.eu\/wp-content\/uploads\/2022\/10\/jud-mackrill-Of_m3hMsoAA-unsplash-5.png&#8220; title_text=&#8220;jud-mackrill-Of_m3hMsoAA-unsplash 5&#8243; force_fullwidth=&#8220;on&#8220; _builder_version=&#8220;4.18.0&#8243; _module_preset=&#8220;default&#8220; global_colors_info=&#8220;{}&#8220;][\/et_pb_image][\/et_pb_column][\/et_pb_row][\/et_pb_section][et_pb_section fb_built=&#8220;1&#8243; _builder_version=&#8220;4.18.0&#8243; _module_preset=&#8220;default&#8220; custom_padding=&#8220;||140px||false|false&#8220; border_width_bottom=&#8220;1px&#8220; border_color_bottom=&#8220;RGBA(14,47,49,0.1)&#8220; collapsed=&#8220;on&#8220; global_colors_info=&#8220;{}&#8220;][et_pb_row column_structure=&#8220;1_4,1_4,1_4,1_4&#8243; _builder_version=&#8220;4.18.0&#8243; _module_preset=&#8220;default&#8220; width=&#8220;95%&#8220; global_colors_info=&#8220;{}&#8220;][et_pb_column type=&#8220;1_4&#8243; _builder_version=&#8220;4.18.0&#8243; _module_preset=&#8220;default&#8220; global_colors_info=&#8220;{}&#8220;][et_pb_text _builder_version=&#8220;4.18.0&#8243; _module_preset=&#8220;default&#8220; global_colors_info=&#8220;{}&#8220;]\n<h2>Die wichtigsten Fakten<\/h2>\n[\/et_pb_text][\/et_pb_column][et_pb_column type=&#8220;1_4&#8243; _builder_version=&#8220;4.18.0&#8243; _module_preset=&#8220;default&#8220; global_colors_info=&#8220;{}&#8220;][et_pb_divider color=&#8220;gcid-a0f858cc-0332-4c31-a34a-e3fc90fbc93b&#8220; _builder_version=&#8220;4.18.0&#8243; _module_preset=&#8220;default&#8220; custom_margin=&#8220;||0px||false|false&#8220; custom_padding=&#8220;||||false|false&#8220; global_colors_info=&#8220;{%22gcid-a0f858cc-0332-4c31-a34a-e3fc90fbc93b%22:%91%22color%22%93}&#8220;][\/et_pb_divider][et_pb_text _builder_version=&#8220;4.18.0&#8243; _module_preset=&#8220;default&#8220; text_font=&#8220;Inter|700|||||||&#8220; text_font_size=&#8220;27px&#8220; background_color=&#8220;#FFFFFF&#8220; z_index=&#8220;10&#8243; width=&#8220;25px&#8220; custom_margin=&#8220;-40px||30px||false|false&#8220; custom_padding=&#8220;||||false|false&#8220; global_colors_info=&#8220;{}&#8220;]\n<p>1<\/p>\n[\/et_pb_text][et_pb_text admin_label=&#8220;header&#8220; _builder_version=&#8220;4.18.0&#8243; _module_preset=&#8220;default&#8220; custom_margin=&#8220;||10px||false|false&#8220; custom_padding=&#8220;||||false|false&#8220; global_colors_info=&#8220;{}&#8220;]\n<h3>Von Angesicht zu Angesicht<\/h3>\n[\/et_pb_text][et_pb_text _builder_version=&#8220;4.18.0&#8243; _module_preset=&#8220;default&#8220; global_colors_info=&#8220;{}&#8220;]\n<p>Lorem ipsum dolor sit amet, consectetur adipiscing elit, sed do eiusmod tempor incididunt ut labore et dolore magna aliqua.<\/p>\n[\/et_pb_text][\/et_pb_column][et_pb_column type=&#8220;1_4&#8243; _builder_version=&#8220;4.18.0&#8243; _module_preset=&#8220;default&#8220; global_colors_info=&#8220;{}&#8220;][et_pb_divider color=&#8220;gcid-a0f858cc-0332-4c31-a34a-e3fc90fbc93b&#8220; _builder_version=&#8220;4.18.0&#8243; _module_preset=&#8220;default&#8220; custom_margin=&#8220;||0px||false|false&#8220; custom_padding=&#8220;||||false|false&#8220; global_colors_info=&#8220;{%22gcid-a0f858cc-0332-4c31-a34a-e3fc90fbc93b%22:%91%22color%22%93}&#8220;][\/et_pb_divider][et_pb_text _builder_version=&#8220;4.18.0&#8243; _module_preset=&#8220;default&#8220; text_font=&#8220;Inter|700|||||||&#8220; text_font_size=&#8220;27px&#8220; background_color=&#8220;#FFFFFF&#8220; z_index=&#8220;10&#8243; width=&#8220;27px&#8220; custom_margin=&#8220;-40px||30px||false|false&#8220; custom_padding=&#8220;||||false|false&#8220; global_colors_info=&#8220;{}&#8220;]\n<p>2<\/p>\n[\/et_pb_text][et_pb_text admin_label=&#8220;header&#8220; _builder_version=&#8220;4.18.0&#8243; _module_preset=&#8220;default&#8220; custom_margin=&#8220;||10px||false|false&#8220; custom_padding=&#8220;||||false|false&#8220; global_colors_info=&#8220;{}&#8220;]\n<h3>Hands on<\/h3>\n[\/et_pb_text][et_pb_text _builder_version=&#8220;4.18.0&#8243; _module_preset=&#8220;default&#8220; global_colors_info=&#8220;{}&#8220;]\n<p>Lorem ipsum dolor sit amet, consectetur adipiscing elit, sed do eiusmod tempor incididunt ut labore et dolore magna aliqua.<\/p>\n[\/et_pb_text][\/et_pb_column][et_pb_column type=&#8220;1_4&#8243; _builder_version=&#8220;4.18.0&#8243; _module_preset=&#8220;default&#8220; global_colors_info=&#8220;{}&#8220;][et_pb_divider color=&#8220;gcid-a0f858cc-0332-4c31-a34a-e3fc90fbc93b&#8220; _builder_version=&#8220;4.18.0&#8243; _module_preset=&#8220;default&#8220; custom_margin=&#8220;||0px||false|false&#8220; custom_padding=&#8220;||||false|false&#8220; global_colors_info=&#8220;{%22gcid-a0f858cc-0332-4c31-a34a-e3fc90fbc93b%22:%91%22color%22%93}&#8220;][\/et_pb_divider][et_pb_text _builder_version=&#8220;4.18.0&#8243; _module_preset=&#8220;default&#8220; text_font=&#8220;Inter|700|||||||&#8220; text_font_size=&#8220;27px&#8220; background_color=&#8220;#FFFFFF&#8220; z_index=&#8220;10&#8243; width=&#8220;28px&#8220; custom_margin=&#8220;-40px||30px||false|false&#8220; custom_padding=&#8220;||||false|false&#8220; global_colors_info=&#8220;{}&#8220;]\n<p>3<\/p>\n[\/et_pb_text][et_pb_text admin_label=&#8220;header&#8220; _builder_version=&#8220;4.18.0&#8243; _module_preset=&#8220;default&#8220; custom_margin=&#8220;||10px||false|false&#8220; custom_padding=&#8220;||||false|false&#8220; global_colors_info=&#8220;{}&#8220;]\n<h3>Geballtes Wissen<\/h3>\n[\/et_pb_text][et_pb_text _builder_version=&#8220;4.18.0&#8243; _module_preset=&#8220;default&#8220; global_colors_info=&#8220;{}&#8220;]\n<p>Lorem ipsum dolor sit amet, consectetur adipiscing elit, sed do eiusmod tempor incididunt ut labore et dolore magna aliqua.<\/p>\n[\/et_pb_text][\/et_pb_column][\/et_pb_row][\/et_pb_section][et_pb_section fb_built=&#8220;1&#8243; _builder_version=&#8220;4.18.0&#8243; _module_preset=&#8220;default&#8220; custom_margin=&#8220;0px||0px||false|false&#8220; custom_padding=&#8220;0px||0px||false|false&#8220; global_colors_info=&#8220;{}&#8220;][et_pb_row column_structure=&#8220;1_3,2_3&#8243; _builder_version=&#8220;4.18.0&#8243; _module_preset=&#8220;default&#8220; width=&#8220;95%&#8220; custom_margin=&#8220;||||false|false&#8220; custom_padding=&#8220;0px||0px||false|false&#8220; global_colors_info=&#8220;{}&#8220;][et_pb_column type=&#8220;1_3&#8243; _builder_version=&#8220;4.18.0&#8243; _module_preset=&#8220;default&#8220; global_colors_info=&#8220;{}&#8220;][et_pb_text _builder_version=&#8220;4.18.0&#8243; _module_preset=&#8220;default&#8220; width=&#8220;87%&#8220; custom_margin=&#8220;0px||||false|false&#8220; custom_padding=&#8220;50px||||false|false&#8220; global_colors_info=&#8220;{}&#8220;]\n<h2>Demn\u00e4chst<\/h2>\n[\/et_pb_text][\/et_pb_column][et_pb_column type=&#8220;2_3&#8243; _builder_version=&#8220;4.18.0&#8243; _module_preset=&#8220;default&#8220; global_colors_info=&#8220;{}&#8220;][et_pb_code module_id=&#8220;allCoursesList&#8220; _builder_version=&#8220;4.18.0&#8243; _module_preset=&#8220;default&#8220; custom_margin=&#8220;|||-136px||&#8220; global_colors_info=&#8220;{}&#8220;][tutor_course orderby=&#8220;ID&#8220; order=&#8220;desc&#8220; column_per_row=&#8220;2&#8243; wpml_value=&#8220;IFtldF9wYl9saW5lX2JyZWFrX2hvbGRlcl0g&#8220;][\/et_pb_code][\/et_pb_column][\/et_pb_row][\/et_pb_section][et_pb_section fb_built=&#8220;1&#8243; admin_label=&#8220;Call to action &#8211; customized classes&#8220; _builder_version=&#8220;4.17.4&#8243; _module_preset=&#8220;default&#8220; background_color=&#8220;rgba(119,23,21,0.02)&#8220; border_width_top=&#8220;1px&#8220; border_color_top=&#8220;rgba(14,47,49,0.1)&#8220; collapsed=&#8220;on&#8220; global_colors_info=&#8220;{}&#8220;][et_pb_row _builder_version=&#8220;4.16&#8243; _module_preset=&#8220;default&#8220; global_colors_info=&#8220;{}&#8220;][et_pb_column type=&#8220;4_4&#8243; _builder_version=&#8220;4.16&#8243; _module_preset=&#8220;default&#8220; global_colors_info=&#8220;{}&#8220;][et_pb_text _builder_version=&#8220;4.17.4&#8243; _module_preset=&#8220;default&#8220; global_colors_info=&#8220;{}&#8220;]\n<h3 style=\"text-align: center;\">Suchen Sie etwas anderes?<br \/>\nWir bieten auch vollst\u00e4ndig angepasste Online-Kurse an<\/h3>\n<p style=\"text-align: center;\" class=\"button_arrow_right_r\">mehr lesen<\/p>\n[\/et_pb_text][\/et_pb_column][\/et_pb_row][\/et_pb_section][et_pb_section fb_built=&#8220;1&#8243; admin_label=&#8220;Testimonials&#8220; _builder_version=&#8220;4.17.4&#8243; _module_preset=&#8220;default&#8220; custom_padding=&#8220;0px||0px||true|false&#8220; collapsed=&#8220;on&#8220; global_colors_info=&#8220;{}&#8220;][et_pb_row _builder_version=&#8220;4.17.4&#8243; _module_preset=&#8220;default&#8220; width=&#8220;100%&#8220; custom_padding=&#8220;0px||0px||true|false&#8220; global_colors_info=&#8220;{}&#8220;][et_pb_column type=&#8220;4_4&#8243; _builder_version=&#8220;4.16&#8243; _module_preset=&#8220;default&#8220; global_colors_info=&#8220;{}&#8220;][et_pb_slider show_arrows=&#8220;off&#8220; _builder_version=&#8220;4.17.4&#8243; _module_preset=&#8220;default&#8220; text_orientation=&#8220;left&#8220; custom_padding=&#8220;7%||6%||false|false&#8220; animation_style=&#8220;fade&#8220; animation_direction=&#8220;right&#8220; auto=&#8220;on&#8220; global_colors_info=&#8220;{}&#8220;][et_pb_slide _builder_version=&#8220;4.17.4&#8243; _module_preset=&#8220;default&#8220; background_color=&#8220;gcid-83013cb7-47e4-4d18-9652-23b5a8fcb879&#8243; background_enable_color=&#8220;on&#8220; background_layout=&#8220;light&#8220; global_colors_info=&#8220;{%22gcid-83013cb7-47e4-4d18-9652-23b5a8fcb879%22:%91%22background_color%22%93}&#8220; sticky_transition=&#8220;on&#8220;]\n<p class=\"quote_text\">Lorem ipsum dolor sit amet, consectetur adipiscing elit, sed do elusmod tempor incididunt ut labore et dolore magma aliqua.<\/p>\n<p class=\"body_small\">Fabrizio Campanelli<\/p>\n[\/et_pb_slide][et_pb_slide _builder_version=&#8220;4.17.4&#8243; _module_preset=&#8220;default&#8220; background_color=&#8220;#e6f2f2&#8243; background_enable_color=&#8220;on&#8220; background_layout=&#8220;light&#8220; custom_css_slide_container=&#8220;animation-name:fadeInRight;&#8220; global_colors_info=&#8220;{}&#8220; sticky_transition=&#8220;on&#8220;]\n<p class=\"quote_text\">Lorem ipsum dolor sit amet, consectetur adipiscing elit, sed do elusmod tempor incididunt ut labore et dolore magma aliqua.<\/p>\n<p class=\"body_small\">Fabrizio Campanelli<\/p>\n[\/et_pb_slide][\/et_pb_slider][\/et_pb_column][\/et_pb_row][\/et_pb_section]\n","protected":false},"excerpt":{"rendered":"<p>Gegenw\u00e4rtige Klassen EST. 20012 oder 3 Tage gepr\u00fcftes Programm &#8211; Direkte Unterst\u00fctzung durch den Lehrer, inspirierende Mitsch\u00fcler. Lorem ipsum dolor sit amet, consectetur adipiscing elit, sed do eiusmod tempor incididunt ut labore. Lorem ipsum dolor sit amet. In Kontakt kommen neues Datum 12. &#8211; 18.05. 2022 k\u00f6ln Die wichtigsten Fakten1Von Angesicht zu AngesichtLorem ipsum dolor [&hellip;]<\/p>\n","protected":false},"author":109,"featured_media":0,"parent":0,"menu_order":0,"comment_status":"closed","ping_status":"closed","template":"","meta":{"_et_pb_use_builder":"on","_et_pb_old_content":"","_et_gb_content_width":"","footnotes":""},"class_list":["post-650","page","type-page","status-publish","hentry"],"_links":{"self":[{"href":"https:\/\/www.4dfab.eu\/de\/wp-json\/wp\/v2\/pages\/650","targetHints":{"allow":["GET"]}}],"collection":[{"href":"https:\/\/www.4dfab.eu\/de\/wp-json\/wp\/v2\/pages"}],"about":[{"href":"https:\/\/www.4dfab.eu\/de\/wp-json\/wp\/v2\/types\/page"}],"author":[{"embeddable":true,"href":"https:\/\/www.4dfab.eu\/de\/wp-json\/wp\/v2\/users\/109"}],"replies":[{"embeddable":true,"href":"https:\/\/www.4dfab.eu\/de\/wp-json\/wp\/v2\/comments?post=650"}],"version-history":[{"count":0,"href":"https:\/\/www.4dfab.eu\/de\/wp-json\/wp\/v2\/pages\/650\/revisions"}],"wp:attachment":[{"href":"https:\/\/www.4dfab.eu\/de\/wp-json\/wp\/v2\/media?parent=650"}],"curies":[{"name":"wp","href":"https:\/\/api.w.org\/{rel}","templated":true}]}}